{"id":455,"date":"2024-10-21T19:03:53","date_gmt":"2024-10-21T19:03:53","guid":{"rendered":"https:\/\/casqueriasoscar.todoeninformatica.net\/?page_id=455"},"modified":"2025-11-24T11:19:13","modified_gmt":"2025-11-24T11:19:13","slug":"home","status":"publish","type":"page","link":"https:\/\/casqueriasoscar.es\/","title":{"rendered":"home"},"content":{"rendered":"\t\t<div data-elementor-type=\"wp-page\" data-elementor-id=\"455\" class=\"elementor elementor-455\">\n\t\t\t\t<div class=\"elementor-element elementor-element-3d439b21 e-con-full e-flex e-con e-parent\" data-id=\"3d439b21\" data-element_type=\"container\" data-core-v316-plus=\"true\">\n\t\t\t\t<div class=\"elementor-element elementor-element-67f5fb82 elementor-widget elementor-widget-image\" data-id=\"67f5fb82\" data-element_type=\"widget\" data-widget_type=\"image.default\">\n\t\t\t\t<div class=\"elementor-widget-container\">\n\t\t\t<style>\/*! elementor - v3.20.0 - 26-03-2024 *\/\n.elementor-widget-image{text-align:center}.elementor-widget-image a{display:inline-block}.elementor-widget-image a img[src$=\".svg\"]{width:48px}.elementor-widget-image img{vertical-align:middle;display:inline-block}<\/style>\t\t\t\t\t\t\t\t\t\t<img fetchpriority=\"high\" decoding=\"async\" width=\"1828\" height=\"768\" src=\"https:\/\/casqueriasoscar.es\/wp-content\/uploads\/2024\/10\/historia-1.jpg\" class=\"attachment-full size-full wp-image-460\" alt=\"\" srcset=\"https:\/\/casqueriasoscar.es\/wp-content\/uploads\/2024\/10\/historia-1.jpg 1828w, https:\/\/casqueriasoscar.es\/wp-content\/uploads\/2024\/10\/historia-1-300x126.jpg 300w, https:\/\/casqueriasoscar.es\/wp-content\/uploads\/2024\/10\/historia-1-1024x430.jpg 1024w, https:\/\/casqueriasoscar.es\/wp-content\/uploads\/2024\/10\/historia-1-768x323.jpg 768w, https:\/\/casqueriasoscar.es\/wp-content\/uploads\/2024\/10\/historia-1-1536x645.jpg 1536w\" sizes=\"(max-width: 1828px) 100vw, 1828px\" \/>\t\t\t\t\t\t\t\t\t\t\t\t\t<\/div>\n\t\t\t\t<\/div>\n\t\t\t\t<\/div>\n\t\t<div class=\"elementor-element elementor-element-35e56e64 e-flex e-con-boxed e-con e-parent\" data-id=\"35e56e64\" data-element_type=\"container\" data-core-v316-plus=\"true\">\n\t\t\t\t\t<div class=\"e-con-inner\">\n\t\t\t\t<div class=\"elementor-element elementor-element-5e613734 elementor-widget elementor-widget-spacer\" data-id=\"5e613734\" data-element_type=\"widget\" data-widget_type=\"spacer.default\">\n\t\t\t\t<div class=\"elementor-widget-container\">\n\t\t\t<style>\/*! elementor - v3.20.0 - 26-03-2024 *\/\n.elementor-column .elementor-spacer-inner{height:var(--spacer-size)}.e-con{--container-widget-width:100%}.e-con-inner>.elementor-widget-spacer,.e-con>.elementor-widget-spacer{width:var(--container-widget-width,var(--spacer-size));--align-self:var(--container-widget-align-self,initial);--flex-shrink:0}.e-con-inner>.elementor-widget-spacer>.elementor-widget-container,.e-con>.elementor-widget-spacer>.elementor-widget-container{height:100%;width:100%}.e-con-inner>.elementor-widget-spacer>.elementor-widget-container>.elementor-spacer,.e-con>.elementor-widget-spacer>.elementor-widget-container>.elementor-spacer{height:100%}.e-con-inner>.elementor-widget-spacer>.elementor-widget-container>.elementor-spacer>.elementor-spacer-inner,.e-con>.elementor-widget-spacer>.elementor-widget-container>.elementor-spacer>.elementor-spacer-inner{height:var(--container-widget-height,var(--spacer-size))}.e-con-inner>.elementor-widget-spacer.elementor-widget-empty,.e-con>.elementor-widget-spacer.elementor-widget-empty{position:relative;min-height:22px;min-width:22px}.e-con-inner>.elementor-widget-spacer.elementor-widget-empty .elementor-widget-empty-icon,.e-con>.elementor-widget-spacer.elementor-widget-empty .elementor-widget-empty-icon{position:absolute;top:0;bottom:0;left:0;right:0;margin:auto;padding:0;width:22px;height:22px}<\/style>\t\t<div class=\"elementor-spacer\">\n\t\t\t<div class=\"elementor-spacer-inner\"><\/div>\n\t\t<\/div>\n\t\t\t\t<\/div>\n\t\t\t\t<\/div>\n\t\t\t\t\t<\/div>\n\t\t\t\t<\/div>\n\t\t<div class=\"elementor-element elementor-element-37cec2b6 animated-slow e-flex e-con-boxed elementor-invisible e-con e-parent\" data-id=\"37cec2b6\" data-element_type=\"container\" data-settings=\"{&quot;motion_fx_motion_fx_scrolling&quot;:&quot;yes&quot;,&quot;motion_fx_range&quot;:&quot;viewport&quot;,&quot;animation&quot;:&quot;zoomIn&quot;,&quot;motion_fx_devices&quot;:[&quot;desktop&quot;,&quot;tablet&quot;,&quot;mobile&quot;]}\" data-core-v316-plus=\"true\">\n\t\t\t\t\t<div class=\"e-con-inner\">\n\t\t\t\t<div class=\"elementor-element elementor-element-4da34051 elementor-widget elementor-widget-heading\" data-id=\"4da34051\" data-element_type=\"widget\" data-widget_type=\"heading.default\">\n\t\t\t\t<div class=\"elementor-widget-container\">\n\t\t\t<style>\/*! elementor - v3.20.0 - 26-03-2024 *\/\n.elementor-heading-title{padding:0;margin:0;line-height:1}.elementor-widget-heading .elementor-heading-title[class*=elementor-size-]>a{color:inherit;font-size:inherit;line-height:inherit}.elementor-widget-heading .elementor-heading-title.elementor-size-small{font-size:15px}.elementor-widget-heading .elementor-heading-title.elementor-size-medium{font-size:19px}.elementor-widget-heading .elementor-heading-title.elementor-size-large{font-size:29px}.elementor-widget-heading .elementor-heading-title.elementor-size-xl{font-size:39px}.elementor-widget-heading .elementor-heading-title.elementor-size-xxl{font-size:59px}<\/style><h2 class=\"elementor-heading-title elementor-size-default\">Qui\u00e9nes Somos<\/h2>\t\t<\/div>\n\t\t\t\t<\/div>\n\t\t\t\t\t<\/div>\n\t\t\t\t<\/div>\n\t\t<div class=\"elementor-element elementor-element-96df7e5 animated-slow e-flex e-con-boxed elementor-invisible e-con e-parent\" data-id=\"96df7e5\" data-element_type=\"container\" data-settings=\"{&quot;animation&quot;:&quot;lightSpeedIn&quot;}\" data-core-v316-plus=\"true\">\n\t\t\t\t\t<div class=\"e-con-inner\">\n\t\t\t\t<div class=\"elementor-element elementor-element-6dd3e4b2 elementor-widget__width-initial elementor-invisible elementor-widget elementor-widget-text-editor\" data-id=\"6dd3e4b2\" data-element_type=\"widget\" data-settings=\"{&quot;_animation&quot;:&quot;fadeIn&quot;}\" data-widget_type=\"text-editor.default\">\n\t\t\t\t<div class=\"elementor-widget-container\">\n\t\t\t<style>\/*! elementor - v3.20.0 - 26-03-2024 *\/\n.elementor-widget-text-editor.elementor-drop-cap-view-stacked .elementor-drop-cap{background-color:#69727d;color:#fff}.elementor-widget-text-editor.elementor-drop-cap-view-framed .elementor-drop-cap{color:#69727d;border:3px solid;background-color:transparent}.elementor-widget-text-editor:not(.elementor-drop-cap-view-default) .elementor-drop-cap{margin-top:8px}.elementor-widget-text-editor:not(.elementor-drop-cap-view-default) .elementor-drop-cap-letter{width:1em;height:1em}.elementor-widget-text-editor .elementor-drop-cap{float:left;text-align:center;line-height:1;font-size:50px}.elementor-widget-text-editor .elementor-drop-cap-letter{display:inline-block}<\/style>\t\t\t\t<p><\/p>\n<p style=\"text-align: center;\">Somos una empresa familiar, que data sus inicios en octubre de 1932, con una historia y legado de tres generaciones.<\/p>\n<p>Actualmente, Alicia, Paco y Oscar, dirigimos este proyecto, conservando la tienda de nuestros abuelos despu\u00e9s de casi nueve d\u00e9cadas.<\/p>\n<p>Por lo tanto, en Casquer\u00edas Oscar mantenemos como est\u00e1ndares, la tradici\u00f3n y la experiencia de generaciones anteriores, adapt\u00e1ndonos a los tiempos que corren.<\/p>\n<p>Atendemos de forma personalizada y ofrecemos nuestro producto tratado artesanalmente y avalado por el n\u00famero de registro sanitario europeo, emitido por la consejer\u00eda de sanidad de la Comunidad de Madrid.<\/p>\n<p>Contamos con veh\u00edculos \u00abECO\u00bb y refrigerados, concienciados con el medio ambiente, para nuestro reparto a hosteler\u00eda, colectividades y domicilio. Hacemos llegar nuestro producto a todo el territorio nacional y europeo.<\/p>\n<p>En definitiva, optar por nuestros productos es una apuesta segura para lograr una calidad exquisita en sus platos.<\/p><div><br><\/div><div><br><\/div>\t\t\t\t\t\t<\/div>\n\t\t\t\t<\/div>\n\t\t\t\t\t<\/div>\n\t\t\t\t<\/div>\n\t\t<div class=\"elementor-element elementor-element-3529183c e-flex e-con-boxed e-con e-parent\" data-id=\"3529183c\" data-element_type=\"container\" data-settings=\"{&quot;motion_fx_motion_fx_scrolling&quot;:&quot;yes&quot;,&quot;motion_fx_devices&quot;:[&quot;desktop&quot;,&quot;tablet&quot;,&quot;mobile&quot;]}\" data-core-v316-plus=\"true\">\n\t\t\t\t\t<div class=\"e-con-inner\">\n\t\t\t\t<div class=\"elementor-element elementor-element-37664dcc elementor-widget elementor-widget-heading\" data-id=\"37664dcc\" data-element_type=\"widget\" data-widget_type=\"heading.default\">\n\t\t\t\t<div class=\"elementor-widget-container\">\n\t\t\t<h2 class=\"elementor-heading-title elementor-size-default\">Sugerencias<\/h2>\t\t<\/div>\n\t\t\t\t<\/div>\n\t\t\t\t\t<\/div>\n\t\t\t\t<\/div>\n\t\t<div class=\"elementor-element elementor-element-42ad1ca2 e-flex e-con-boxed e-con e-parent\" data-id=\"42ad1ca2\" data-element_type=\"container\" data-core-v316-plus=\"true\">\n\t\t\t\t\t<div class=\"e-con-inner\">\n\t\t<div class=\"elementor-element elementor-element-79e1291d e-con-full e-flex e-con e-child\" data-id=\"79e1291d\" data-element_type=\"container\">\n\t\t\t\t<div class=\"elementor-element elementor-element-3e4e1cb9 elementor-widget__width-initial elementor-invisible elementor-widget elementor-widget-text-editor\" data-id=\"3e4e1cb9\" data-element_type=\"widget\" data-settings=\"{&quot;_animation&quot;:&quot;fadeIn&quot;}\" data-widget_type=\"text-editor.default\">\n\t\t\t\t<div class=\"elementor-widget-container\">\n\t\t\t\t\t\t\t<p><strong>CALLOS CON PATA Y MORRO<br \/><br \/><\/strong>Uno de nuestros Productos Estrella. Exquisitos si se preparan<br \/>a la madrile\u00f1a o con garbanzos morenos o blancos.<br \/>Desgrasados, cortados y lavados a mano.<br \/>La pata y el morro se deshuesan tambi\u00e9n artesanalmente.<\/p>\t\t\t\t\t\t<\/div>\n\t\t\t\t<\/div>\n\t\t\t\t<\/div>\n\t\t<div class=\"elementor-element elementor-element-21bb2823 e-con-full e-flex e-con e-child\" data-id=\"21bb2823\" data-element_type=\"container\">\n\t\t\t\t<div class=\"elementor-element elementor-element-49b0ba98 elementor-widget__width-initial elementor-invisible elementor-widget elementor-widget-text-editor\" data-id=\"49b0ba98\" data-element_type=\"widget\" data-settings=\"{&quot;_animation&quot;:&quot;fadeIn&quot;}\" data-widget_type=\"text-editor.default\">\n\t\t\t\t<div class=\"elementor-widget-container\">\n\t\t\t\t\t\t\t<p><strong>CARRILLADA DE TERNERA<br \/><br \/><\/strong>Simplemente, un lujo para el paladar.<br \/>Le sugerimos hacerla estofada, a la albahaca o al vino tinto.<br \/>Las comercializamos sin hueso ni ternillas, previamente desangrada, lavada y<br \/>escurrida.<\/p>\t\t\t\t\t\t<\/div>\n\t\t\t\t<\/div>\n\t\t\t\t<\/div>\n\t\t\t\t\t<\/div>\n\t\t\t\t<\/div>\n\t\t<div class=\"elementor-element elementor-element-416ac853 e-flex e-con-boxed e-con e-parent\" data-id=\"416ac853\" data-element_type=\"container\" data-core-v316-plus=\"true\">\n\t\t\t\t\t<div class=\"e-con-inner\">\n\t\t<div class=\"elementor-element elementor-element-27aec47d e-con-full e-flex e-con e-child\" data-id=\"27aec47d\" data-element_type=\"container\">\n\t\t\t\t<div class=\"elementor-element elementor-element-38de403 elementor-widget__width-initial elementor-invisible elementor-widget elementor-widget-text-editor\" data-id=\"38de403\" data-element_type=\"widget\" data-settings=\"{&quot;_animation&quot;:&quot;fadeIn&quot;}\" data-widget_type=\"text-editor.default\">\n\t\t\t\t<div class=\"elementor-widget-container\">\n\t\t\t\t\t\t\t<p><strong>CARRILLADA DE CERDO<br \/><\/strong><br \/>Jugosa y sabrosa asada, estofada, al vino.<br \/>La servimos desgrasada y lavada, preparada para cocinar.<\/p>\t\t\t\t\t\t<\/div>\n\t\t\t\t<\/div>\n\t\t\t\t<\/div>\n\t\t<div class=\"elementor-element elementor-element-4c335e11 e-con-full e-flex e-con e-child\" data-id=\"4c335e11\" data-element_type=\"container\">\n\t\t\t\t<div class=\"elementor-element elementor-element-312d2918 elementor-widget__width-initial elementor-invisible elementor-widget elementor-widget-text-editor\" data-id=\"312d2918\" data-element_type=\"widget\" data-settings=\"{&quot;_animation&quot;:&quot;fadeIn&quot;}\" data-widget_type=\"text-editor.default\">\n\t\t\t\t<div class=\"elementor-widget-container\">\n\t\t\t\t\t\t\t<p><strong>LENGUA DE TERNERA<br \/><\/strong><br \/>Piezas medianas , sin cortes, servimos enteras para proceso de cocci\u00f3n.<br \/>Una gran incorporaci\u00f3n a su carta preparadas a la jardinera,<br \/>rebozada, con tomate.<\/p>\t\t\t\t\t\t<\/div>\n\t\t\t\t<\/div>\n\t\t\t\t<\/div>\n\t\t\t\t\t<\/div>\n\t\t\t\t<\/div>\n\t\t<div class=\"elementor-element elementor-element-1a1b305a e-flex e-con-boxed e-con e-parent\" data-id=\"1a1b305a\" data-element_type=\"container\" data-core-v316-plus=\"true\">\n\t\t\t\t\t<div class=\"e-con-inner\">\n\t\t<div class=\"elementor-element elementor-element-3b299aa5 e-con-full e-flex e-con e-child\" data-id=\"3b299aa5\" data-element_type=\"container\">\n\t\t\t\t<div class=\"elementor-element elementor-element-15f3bfaf elementor-widget__width-initial elementor-invisible elementor-widget elementor-widget-text-editor\" data-id=\"15f3bfaf\" data-element_type=\"widget\" data-settings=\"{&quot;_animation&quot;:&quot;fadeIn&quot;}\" data-widget_type=\"text-editor.default\">\n\t\t\t\t<div class=\"elementor-widget-container\">\n\t\t\t\t\t\t\t<p><strong>RABO DE TERNERA<br \/><\/strong><br \/>Otro de nuestros productos m\u00e1s importantes exquisito<br \/>y siempre de gran calidad.<br \/>Una delicia estofado, para arroces y rellenos como sugerencias.<br \/>Solo ternera y a\u00f1ojo para garantizar su ternura.<\/p>\t\t\t\t\t\t<\/div>\n\t\t\t\t<\/div>\n\t\t\t\t<\/div>\n\t\t<div class=\"elementor-element elementor-element-2b9724d9 e-con-full e-flex e-con e-child\" data-id=\"2b9724d9\" data-element_type=\"container\">\n\t\t\t\t<div class=\"elementor-element elementor-element-196445fc elementor-widget__width-initial elementor-invisible elementor-widget elementor-widget-text-editor\" data-id=\"196445fc\" data-element_type=\"widget\" data-settings=\"{&quot;_animation&quot;:&quot;fadeIn&quot;}\" data-widget_type=\"text-editor.default\">\n\t\t\t\t<div class=\"elementor-widget-container\">\n\t\t\t\t\t\t\t<p><strong>MANITAS DE CORDERO<br \/><br \/><\/strong>Para chuparse los dedos si se sirven rebozadas o con tomate.<br \/>Peladas al estilo tradicional, con navaja.<br \/>Las deshuesamos y lavamos para comodidad del comensal.<\/p>\t\t\t\t\t\t<\/div>\n\t\t\t\t<\/div>\n\t\t\t\t<\/div>\n\t\t\t\t\t<\/div>\n\t\t\t\t<\/div>\n\t\t<div class=\"elementor-element elementor-element-4651e22a e-flex e-con-boxed e-con e-parent\" data-id=\"4651e22a\" data-element_type=\"container\" data-core-v316-plus=\"true\">\n\t\t\t\t\t<div class=\"e-con-inner\">\n\t\t<div class=\"elementor-element elementor-element-8305cfa e-con-full e-flex e-con e-child\" data-id=\"8305cfa\" data-element_type=\"container\">\n\t\t\t\t<div class=\"elementor-element elementor-element-487e63cb elementor-widget__width-initial elementor-invisible elementor-widget elementor-widget-text-editor\" data-id=\"487e63cb\" data-element_type=\"widget\" data-settings=\"{&quot;_animation&quot;:&quot;fadeIn&quot;}\" data-widget_type=\"text-editor.default\">\n\t\t\t\t<div class=\"elementor-widget-container\">\n\t\t\t\t\t\t\t<p><strong>H\u00cdGADO DE TERNERA<br \/><\/strong><br \/>Considerado un manantial de vitaminas, especialmente B3, B9 y B12, que<br \/>ayudan a reducir el colesterol entre otras propiedades. Un cl\u00e1sico que no<br \/>puede faltar en su carta encebollado, a la pimienta o empanado.<br \/>Solo servimos piezas analizadas seg\u00fan normativa sanitaria. Fileteadas o<br \/>troceadas a gusto del cliente. MANANTIAL DE VITAMINAS<\/p>\t\t\t\t\t\t<\/div>\n\t\t\t\t<\/div>\n\t\t\t\t<\/div>\n\t\t\t\t\t<\/div>\n\t\t\t\t<\/div>\n\t\t<div class=\"elementor-element elementor-element-6879bfb e-flex e-con-boxed e-con e-parent\" data-id=\"6879bfb\" data-element_type=\"container\" data-core-v316-plus=\"true\">\n\t\t\t\t\t<div class=\"e-con-inner\">\n\t\t\t\t<div class=\"elementor-element elementor-element-8e1d1e0 elementor-widget__width-initial elementor-widget elementor-widget-video\" data-id=\"8e1d1e0\" data-element_type=\"widget\" data-settings=\"{&quot;video_type&quot;:&quot;hosted&quot;,&quot;controls&quot;:&quot;yes&quot;}\" data-widget_type=\"video.default\">\n\t\t\t\t<div class=\"elementor-widget-container\">\n\t\t\t<style>\/*! elementor - v3.20.0 - 26-03-2024 *\/\n.elementor-widget-video .elementor-widget-container{overflow:hidden;transform:translateZ(0)}.elementor-widget-video .elementor-wrapper{aspect-ratio:var(--video-aspect-ratio)}.elementor-widget-video .elementor-wrapper iframe,.elementor-widget-video .elementor-wrapper video{height:100%;width:100%;display:flex;border:none;background-color:#000}@supports not (aspect-ratio:1\/1){.elementor-widget-video .elementor-wrapper{position:relative;overflow:hidden;height:0;padding-bottom:calc(100% \/ var(--video-aspect-ratio))}.elementor-widget-video .elementor-wrapper iframe,.elementor-widget-video .elementor-wrapper video{position:absolute;top:0;right:0;bottom:0;left:0}}.elementor-widget-video .elementor-open-inline .elementor-custom-embed-image-overlay{position:absolute;top:0;right:0;bottom:0;left:0;background-size:cover;background-position:50%}.elementor-widget-video .elementor-custom-embed-image-overlay{cursor:pointer;text-align:center}.elementor-widget-video .elementor-custom-embed-image-overlay:hover .elementor-custom-embed-play i{opacity:1}.elementor-widget-video .elementor-custom-embed-image-overlay img{display:block;width:100%;aspect-ratio:var(--video-aspect-ratio);-o-object-fit:cover;object-fit:cover;-o-object-position:center center;object-position:center center}@supports not (aspect-ratio:1\/1){.elementor-widget-video .elementor-custom-embed-image-overlay{position:relative;overflow:hidden;height:0;padding-bottom:calc(100% \/ var(--video-aspect-ratio))}.elementor-widget-video .elementor-custom-embed-image-overlay img{position:absolute;top:0;right:0;bottom:0;left:0}}.elementor-widget-video .e-hosted-video .elementor-video{-o-object-fit:cover;object-fit:cover}.e-con-inner>.elementor-widget-video,.e-con>.elementor-widget-video{width:var(--container-widget-width);--flex-grow:var(--container-widget-flex-grow)}<\/style>\t\t<div class=\"e-hosted-video elementor-wrapper elementor-open-inline\">\n\t\t\t\t\t<video class=\"elementor-video\" src=\"https:\/\/casqueriasoscar.es\/wp-content\/uploads\/2025\/11\/Video-Ruta-de-la-casqueria-20253.mp4\" controls=\"\" preload=\"metadata\" controlsList=\"nodownload\"><\/video>\n\t\t\t\t<\/div>\n\t\t\t\t<\/div>\n\t\t\t\t<\/div>\n\t\t\t\t\t<\/div>\n\t\t\t\t<\/div>\n\t\t\t\t<\/div>\n\t\t","protected":false},"excerpt":{"rendered":"<p>Qui\u00e9nes Somos Somos una empresa familiar, que data sus inicios en octubre de 1932, con una historia y legado de [&hellip;]<\/p>\n","protected":false},"author":1,"featured_media":0,"parent":0,"menu_order":0,"comment_status":"closed","ping_status":"closed","template":"","meta":{"site-sidebar-layout":"no-sidebar","site-content-layout":"","ast-site-content-layout":"full-width-container","site-content-style":"default","site-sidebar-style":"default","ast-global-header-display":"","ast-banner-title-visibility":"","ast-main-header-display":"","ast-hfb-above-header-display":"","ast-hfb-below-header-display":"","ast-hfb-mobile-header-display":"","site-post-title":"disabled","ast-breadcrumbs-content":"","ast-featured-img":"disabled","footer-sml-layout":"","theme-transparent-header-meta":"","adv-header-id-meta":"","stick-header-meta":"","header-above-stick-meta":"","header-main-stick-meta":"","header-below-stick-meta":"","astra-migrate-meta-layouts":"default","ast-page-background-enabled":"default","ast-page-background-meta":{"desktop":{"background-color":"var(--ast-global-color-4)","background-image":"","background-repeat":"repeat","background-position":"center center","background-size":"auto","background-attachment":"scroll","background-type":"","background-media":"","overlay-type":"","overlay-color":"","overlay-gradient":""},"tablet":{"background-color":"","background-image":"","background-repeat":"repeat","background-position":"center center","background-size":"auto","background-attachment":"scroll","background-type":"","background-media":"","overlay-type":"","overlay-color":"","overlay-gradient":""},"mobile":{"background-color":"","background-image":"","background-repeat":"repeat","background-position":"center center","background-size":"auto","background-attachment":"scroll","background-type":"","background-media":"","overlay-type":"","overlay-color":"","overlay-gradient":""}},"ast-content-background-meta":{"desktop":{"background-color":"var(--ast-global-color-5)","background-image":"","background-repeat":"repeat","background-position":"center center","background-size":"auto","background-attachment":"scroll","background-type":"","background-media":"","overlay-type":"","overlay-color":"","overlay-gradient":""},"tablet":{"background-color":"var(--ast-global-color-5)","background-image":"","background-repeat":"repeat","background-position":"center center","background-size":"auto","background-attachment":"scroll","background-type":"","background-media":"","overlay-type":"","overlay-color":"","overlay-gradient":""},"mobile":{"background-color":"var(--ast-global-color-5)","background-image":"","background-repeat":"repeat","background-position":"center center","background-size":"auto","background-attachment":"scroll","background-type":"","background-media":"","overlay-type":"","overlay-color":"","overlay-gradient":""}},"footnotes":""},"class_list":["post-455","page","type-page","status-publish","hentry"],"_links":{"self":[{"href":"https:\/\/casqueriasoscar.es\/index.php?rest_route=\/wp\/v2\/pages\/455","targetHints":{"allow":["GET"]}}],"collection":[{"href":"https:\/\/casqueriasoscar.es\/index.php?rest_route=\/wp\/v2\/pages"}],"about":[{"href":"https:\/\/casqueriasoscar.es\/index.php?rest_route=\/wp\/v2\/types\/page"}],"author":[{"embeddable":true,"href":"https:\/\/casqueriasoscar.es\/index.php?rest_route=\/wp\/v2\/users\/1"}],"replies":[{"embeddable":true,"href":"https:\/\/casqueriasoscar.es\/index.php?rest_route=%2Fwp%2Fv2%2Fcomments&post=455"}],"version-history":[{"count":44,"href":"https:\/\/casqueriasoscar.es\/index.php?rest_route=\/wp\/v2\/pages\/455\/revisions"}],"predecessor-version":[{"id":630,"href":"https:\/\/casqueriasoscar.es\/index.php?rest_route=\/wp\/v2\/pages\/455\/revisions\/630"}],"wp:attachment":[{"href":"https:\/\/casqueriasoscar.es\/index.php?rest_route=%2Fwp%2Fv2%2Fmedia&parent=455"}],"curies":[{"name":"wp","href":"https:\/\/api.w.org\/{rel}","templated":true}]}}